{"id":182,"date":"2020-09-20T15:55:04","date_gmt":"2020-09-20T13:55:04","guid":{"rendered":"http:\/\/www.wadawidd.de\/?page_id=182"},"modified":"2026-02-28T12:33:15","modified_gmt":"2026-02-28T11:33:15","slug":"willkommen","status":"publish","type":"page","link":"https:\/\/www.wadawidd.de\/","title":{"rendered":"Willkommen"},"content":{"rendered":"\n<figure class=\"wp-block-image\"><img loading=\"lazy\" decoding=\"async\" width=\"300\" height=\"74\" src=\"http:\/\/www.wadawidd.de\/wp-content\/uploads\/2020\/09\/WaDaWidd-Logo300px.png\" alt=\"\" class=\"wp-image-78\" srcset=\"https:\/\/www.wadawidd.de\/wp-content\/uploads\/2020\/09\/WaDaWidd-Logo300px.png 300w, https:\/\/www.wadawidd.de\/wp-content\/uploads\/2020\/09\/WaDaWidd-Logo300px-150x37.png 150w, https:\/\/www.wadawidd.de\/wp-content\/uploads\/2020\/09\/WaDaWidd-Logo300px-250x62.png 250w\" sizes=\"auto, (max-width: 300px) 100vw, 300px\" \/><\/figure>\n\n\n\n<p>Schw\u00e4bische Kleinkunst Vielosophie<\/p>\n\n\n\n<ul class=\"wp-block-list\">\n<li>Dietmar Steimer (schreibt Theaterst\u00fccke und Sketche und spielt Gitarre.)<\/li>\n\n\n\n<li>Norbert Schlager (schl\u00fcpft in jede Dialektrolle von Schweiz bis Sachsen und schreibt eigene Gedichte und Sketche.)<\/li>\n\n\n\n<li>Joachim Knoll ( komponiert und textet seine eigenen Lieder, schreibt Gedichte und Geschichten und ist ein Multi-Instrumentalist.)<\/li>\n<\/ul>\n\n\n\n<p>Das Kabarett-Trio WaDaWidd ist leicht verdaulicher schw\u00e4bischer Duranand, untermalt mit Weltmusik. Es kommen vielerlei Instrumente zum Einsatz, wie zum Beispiel Gitarre, Klavier, Saxophon, Dudelsack, Mundharmonika, Klarinette, Fl\u00f6te und so weiter.<\/p>\n\n\n\n<p>Sie singen, spielen, reimen, philosophieren und bl\u00f6deln von und \u00fcber die wirklich wichtigen Dinge aus dem Leben der Schwaben und Nichtschwaben. Dazu geh\u00f6rt : klugschei\u00dfa, verkuddla, verkata, batscha, tratscha, jomra, maulaffafeula, ond bruddla. &#8211; Vordergr\u00fcndig bis Henderfotzig \u00e4ba.<\/p>\n\n\n\n<p>\u201e\u00c4lles, was mir saget, senget, schreiet ond vielosophieret hot it den Aschpruch ebbern gscheiter zom macha, isch aber id ausgschlo\u00dfa.\u201c<\/p>\n\n\n\n<p>Es moss id \u00e4lles schdemma, wa ma sait, Hauptsach es isch guad verzehlt.<br><br><strong>AKTUELL:<\/strong><\/p>\n\n\n\n<img decoding=\"async\" src=\"https:\/\/www.wadawidd.de\/wp-content\/uploads\/2026\/02\/gutgaulauobed26.jpg\" alt=\"Gut gau lau Obed\"\/>\n\n\n\n\n<p><\/p>\n","protected":false},"excerpt":{"rendered":"<p>Schw\u00e4bische Kleinkunst Vielosophie Das Kabarett-Trio WaDaWidd ist leicht verdaulicher schw\u00e4bischer Duranand, untermalt mit Weltmusik. Es kommen vielerlei Instrumente zum Einsatz, wie zum Beispiel Gitarre, Klavier, Saxophon, Dudelsack, Mundharmonika, Klarinette, Fl\u00f6te und so weiter. Sie singen, spielen, reimen, philosophieren und bl\u00f6deln von und \u00fcber die wirklich wichtigen Dinge aus dem Leben&#8230; <a class=\"continue-reading-link\" href=\"https:\/\/www.wadawidd.de\/\"> weiterlesen <span class=\"meta-nav\">&rarr; <\/span><\/a><\/p>\n","protected":false},"author":1,"featured_media":0,"parent":0,"menu_order":0,"comment_status":"closed","ping_status":"closed","template":"","meta":{"footnotes":""},"class_list":["post-182","page","type-page","status-publish","hentry"],"_links":{"self":[{"href":"https:\/\/www.wadawidd.de\/index.php?rest_route=\/wp\/v2\/pages\/182","targetHints":{"allow":["GET"]}}],"collection":[{"href":"https:\/\/www.wadawidd.de\/index.php?rest_route=\/wp\/v2\/pages"}],"about":[{"href":"https:\/\/www.wadawidd.de\/index.php?rest_route=\/wp\/v2\/types\/page"}],"author":[{"embeddable":true,"href":"https:\/\/www.wadawidd.de\/index.php?rest_route=\/wp\/v2\/users\/1"}],"replies":[{"embeddable":true,"href":"https:\/\/www.wadawidd.de\/index.php?rest_route=%2Fwp%2Fv2%2Fcomments&post=182"}],"version-history":[{"count":5,"href":"https:\/\/www.wadawidd.de\/index.php?rest_route=\/wp\/v2\/pages\/182\/revisions"}],"predecessor-version":[{"id":592,"href":"https:\/\/www.wadawidd.de\/index.php?rest_route=\/wp\/v2\/pages\/182\/revisions\/592"}],"wp:attachment":[{"href":"https:\/\/www.wadawidd.de\/index.php?rest_route=%2Fwp%2Fv2%2Fmedia&parent=182"}],"curies":[{"name":"wp","href":"https:\/\/api.w.org\/{rel}","templated":true}]}}