{"id":337,"date":"2021-06-06T14:55:57","date_gmt":"2021-06-06T12:55:57","guid":{"rendered":"http:\/\/www.wadawidd.de\/?page_id=337"},"modified":"2021-08-08T07:18:54","modified_gmt":"2021-08-08T05:18:54","slug":"des-isch-dr-norbert","status":"publish","type":"page","link":"https:\/\/www.wadawidd.de\/?page_id=337","title":{"rendered":"nadierlich dr Norbert"},"content":{"rendered":"\n<div class=\"wp-block-columns is-layout-flex wp-container-core-columns-is-layout-9d6595d7 wp-block-columns-is-layout-flex\">\n<div class=\"wp-block-column is-layout-flow wp-block-column-is-layout-flow\" style=\"flex-basis:40%\">\n<figure class=\"wp-block-image size-full is-resized\"><img loading=\"lazy\" decoding=\"async\" src=\"http:\/\/www.wadawidd.de\/wp-content\/uploads\/2021\/08\/norbert_comic.png\" alt=\"\" class=\"wp-image-378\" width=\"201\" height=\"290\" srcset=\"https:\/\/www.wadawidd.de\/wp-content\/uploads\/2021\/08\/norbert_comic.png 268w, https:\/\/www.wadawidd.de\/wp-content\/uploads\/2021\/08\/norbert_comic-208x300.png 208w, https:\/\/www.wadawidd.de\/wp-content\/uploads\/2021\/08\/norbert_comic-104x150.png 104w\" sizes=\"auto, (max-width: 201px) 100vw, 201px\" \/><\/figure>\n<\/div>\n\n\n\n<div class=\"wp-block-column is-layout-flow wp-block-column-is-layout-flow\" style=\"flex-basis:60%\">\n<p>Geboren im Herbst in Laupheim. Wie das Wetter war ist nicht bekannt &#8211; mal Mama fragen.<br>Aufgewachsen \u201eBeim Sportplatz\u201c. Immer wieder mal in der Nacht aufgewacht von Torschreien oder Siegesfeiern. Hat dann angefangen selber Fu\u00dfball zu spielen und Lieder zu gr\u00f6hlen.<br>Erste Auftritte als Unterhalter bei diesem Verein.<br>Joachim war mal sein Mundharmonika-Lehrer.<br>Dietmar war sein Nachbar und wohnt heute noch ganz in der N\u00e4he.<br>Karriere beim Theaterverein Lodrlada Untersulmetingen: Spielt bis heute erfolgreich alle m\u00f6glichen und unm\u00f6glichen Rollen.<br>Hat irgendwann angefangen Kabarett-Klassiker nachzuspielen von E wie Emil bis V wie Valentin. Erg\u00e4nzt mit eigenen St\u00fccken und Ideen. Wenn er nicht auf der B\u00fchne steht, ist er als Stuckateurmeister auf Baustellen in der Umgebung zu finden.<br>Ond ab und zua au mol dahoi.<\/p>\n<\/div>\n<\/div>\n","protected":false},"excerpt":{"rendered":"<p>Geboren im Herbst in Laupheim. Wie das Wetter war ist nicht bekannt &#8211; mal Mama fragen.Aufgewachsen \u201eBeim Sportplatz\u201c. Immer wieder mal in der Nacht aufgewacht von Torschreien oder Siegesfeiern. Hat dann angefangen selber Fu\u00dfball zu spielen und Lieder zu gr\u00f6hlen.Erste Auftritte als Unterhalter bei diesem Verein.Joachim war mal sein Mundharmonika-Lehrer.Dietmar&#8230; <a class=\"continue-reading-link\" href=\"https:\/\/www.wadawidd.de\/?page_id=337\"> weiterlesen <span class=\"meta-nav\">&rarr; <\/span><\/a><\/p>\n","protected":false},"author":1,"featured_media":0,"parent":0,"menu_order":0,"comment_status":"closed","ping_status":"closed","template":"","meta":{"footnotes":""},"class_list":["post-337","page","type-page","status-publish","hentry"],"_links":{"self":[{"href":"https:\/\/www.wadawidd.de\/index.php?rest_route=\/wp\/v2\/pages\/337","targetHints":{"allow":["GET"]}}],"collection":[{"href":"https:\/\/www.wadawidd.de\/index.php?rest_route=\/wp\/v2\/pages"}],"about":[{"href":"https:\/\/www.wadawidd.de\/index.php?rest_route=\/wp\/v2\/types\/page"}],"author":[{"embeddable":true,"href":"https:\/\/www.wadawidd.de\/index.php?rest_route=\/wp\/v2\/users\/1"}],"replies":[{"embeddable":true,"href":"https:\/\/www.wadawidd.de\/index.php?rest_route=%2Fwp%2Fv2%2Fcomments&post=337"}],"version-history":[{"count":4,"href":"https:\/\/www.wadawidd.de\/index.php?rest_route=\/wp\/v2\/pages\/337\/revisions"}],"predecessor-version":[{"id":379,"href":"https:\/\/www.wadawidd.de\/index.php?rest_route=\/wp\/v2\/pages\/337\/revisions\/379"}],"wp:attachment":[{"href":"https:\/\/www.wadawidd.de\/index.php?rest_route=%2Fwp%2Fv2%2Fmedia&parent=337"}],"curies":[{"name":"wp","href":"https:\/\/api.w.org\/{rel}","templated":true}]}}